{"id":793,"date":"2026-02-02T23:48:39","date_gmt":"2026-02-02T23:48:39","guid":{"rendered":"https:\/\/staging.geographicatrophy.info\/pt\/?page_id=793"},"modified":"2026-02-04T17:27:03","modified_gmt":"2026-02-04T17:27:03","slug":"redirect-banner","status":"publish","type":"page","link":"https:\/\/staging.geographicatrophy.info\/pt\/","title":{"rendered":"Redirect"},"content":{"rendered":"\n\n    <div class=\"container\">\n        <div class=\"row\">\n            <div class=\"col-12 col-lg-10 offset-lg-1\">\n\t\t\t\t<div style=\"height:100px\" aria-hidden=\"true\" class=\"wp-block-spacer\"><\/div>\n\t\t\t\t<div class=\"redirect-banner-block mquery\">\n\t\t\t\t\t<h1 class=\"entry-title\">Redirecionando<\/h1>\n\t\t\t\t\t<div class=\"entry-content\">\n\t\t\t\t\t\t<p>Voc\u00ea est\u00e1 saindo de GA.info e ser\u00e1 redirecionado para o nosso site no Brasil.<\/p>\n\t\t\t\t\t\t<p>O conte\u00fado est\u00e1 sujeito a termos e pol\u00edticas de privacidade locais.<\/p>\n\t\t\t\t\t<\/div>\n\t\t\t\t<\/div>\n\t\t\t\t<div style=\"height:200px\" aria-hidden=\"true\" class=\"wp-block-spacer\"><\/div>\n\t\t\t<\/div>\n        <\/div>\n    <\/div>\n\n\t<script>\n  \n  \t\tconst targetUrl = 'https:\/\/atrofiageografica.com.br';\n\n  \t\t\/\/ Redirect after 3 seconds (3000 ms)\n  \t\tsetTimeout(function () {\n    \t\twindow.location.href = targetUrl;\n  \t\t}, 3000);\n<\/script>\n","protected":false},"excerpt":{"rendered":"","protected":false},"author":804,"featured_media":0,"parent":0,"menu_order":0,"comment_status":"closed","ping_status":"closed","template":"","meta":{"inline_featured_image":false,"_themeisle_gutenberg_block_has_review":false,"footnotes":""},"class_list":["post-793","page","type-page","status-publish","hentry"],"acf":[],"aioseo_notices":[],"_links":{"self":[{"href":"https:\/\/staging.geographicatrophy.info\/pt\/wp-json\/wp\/v2\/pages\/793","targetHints":{"allow":["GET"]}}],"collection":[{"href":"https:\/\/staging.geographicatrophy.info\/pt\/wp-json\/wp\/v2\/pages"}],"about":[{"href":"https:\/\/staging.geographicatrophy.info\/pt\/wp-json\/wp\/v2\/types\/page"}],"author":[{"embeddable":true,"href":"https:\/\/staging.geographicatrophy.info\/pt\/wp-json\/wp\/v2\/users\/804"}],"replies":[{"embeddable":true,"href":"https:\/\/staging.geographicatrophy.info\/pt\/wp-json\/wp\/v2\/comments?post=793"}],"version-history":[{"count":0,"href":"https:\/\/staging.geographicatrophy.info\/pt\/wp-json\/wp\/v2\/pages\/793\/revisions"}],"wp:attachment":[{"href":"https:\/\/staging.geographicatrophy.info\/pt\/wp-json\/wp\/v2\/media?parent=793"}],"curies":[{"name":"wp","href":"https:\/\/api.w.org\/{rel}","templated":true}]}}