{"id":346,"date":"2022-08-15T09:16:16","date_gmt":"2022-08-15T09:16:16","guid":{"rendered":"https:\/\/geographicatrophy.info\/?page_id=346"},"modified":"2026-03-26T12:53:41","modified_gmt":"2026-03-26T12:53:41","slug":"informativa-legale","status":"publish","type":"page","link":"https:\/\/staging.geographicatrophy.info\/it\/informativa-legale\/","title":{"rendered":"Informativa Legale"},"content":{"rendered":"<div class=\"default-block container\">\n<p>Apellis Italy Srl&nbsp;<\/p>\n<\/div>\n\n<div class=\"default-block container\">\n<p>Benvenuti sul sito Web Atrofiageografica.it (\u201cAtrofiageografica.it\u201d). Ci riferiamo al sito Web di propriet\u00e0 di, e controllato da, Apellis (\u201cApellis\u201d) Italy Srl, 3 Piazza Filippo Meda,Milan 20121,Italy con sede in. L\u2019utente pu\u00f2 utilizzare il sito a condizione che rispetti le presenti condizioni.\u202f&nbsp;<\/p>\n<\/div>\n\n<div class=\"default-block container\">\n<p>Apellis rispetta la privacy degli utenti del sito. Pertanto, si prega di leggere e prendere conoscenza delle disposizioni della nostra Informativa sulla privacy, che illustra le pratiche di Apellis relative alla raccolta e all\u2019uso dei dati personali dell\u2019utente, e delle altre informative che disciplinano altre parti del sito Web.&nbsp;<\/p>\n<\/div>\n\n<div class=\"default-block container\">\n<p><strong>Natura delle informazioni<\/strong>&nbsp;<\/p>\n<\/div>\n\n<div class=\"default-block container\">\n<p>Apellis ha creato e mantiene il presente sito Web solo a fini informativi e didattici. Il sito non dispensa consulenza medica. Le informazioni fornite non sostituiscono le reali cure mediche. L\u2019utente non deve utilizzare le informazioni ivi contenute per diagnosticare eventuali malattie o disturbi fisici, n\u00e9 al fine di prescrivere o utilizzare farmaci presentati sul sito Web. Le persone che necessitano di diagnosi o trattamento, o che hanno domande specifiche in merito alla propria patologia o alle cure seguite, sono invitate a contattare il proprio operatore sanitario. Le informazioni presenti sul sito Web possono contenere riferimenti diretti o indiretti a prodotti, programmi o servizi di Apellis che potrebbero non essere disponibili in determinati Paesi o regioni e che potrebbero essere soggetti a normative e condizioni d\u2019uso diverse a seconda del Paese. Apellis non inserisce tali riferimenti con l\u2019intenzione di promuovere la vendita di tali prodotti, programmi o servizi.&nbsp;<\/p>\n<\/div>\n\n<div class=\"default-block container\">\n<p>Le informazioni presentate sul sito Web sono o diventeranno vigenti a decorrere dalla data dell&#8217;\u201dUltimo aggiornamento\u201d riportata su ogni pagina. Apellis pu\u00f2 apportare miglioramenti e\/o modifiche al sito Web in qualsiasi momento. Sebbene Apellis tenti di aggiornare periodicamente i contenuti del sito Web, le informazioni, i materiali e i servizi forniti su o attraverso il sito potrebbero, talvolta, essere imprecisi, incompleti, obsoleti o contenere errori tipografici. Apellis declina espressamente qualsiasi obbligo di aggiornare le informazioni contenute nel sito Web. Apellis non sar\u00e0 responsabile per mancati aggiornamenti o revisioni di tali informazioni, a prescindere se conseguenti a nuove informazioni, eventi o circostanze futuri o altro. \u00c8 responsabilit\u00e0 dell\u2019utente verificare tutte le informazioni contenute nel sito Web prima di fare affidamento su di esso.&nbsp;<\/p>\n<\/div>\n\n<div class=\"default-block container\">\n<p><strong>Collegamenti<\/strong>&nbsp;<\/p>\n<\/div>\n\n<div class=\"default-block container\">\n<p>Il sito Web pu\u00f2 contenere collegamenti a siti Web gestiti da altre parti. I siti Web cui i collegamenti nel sito rimandano esulano dal controllo di Apellis. Apellis non \u00e8 responsabile dei contenuti disponibili su altri siti Web cui i collegamenti nel presente sito Web rimandano. Tali collegamenti non implicano l\u2019approvazione di Apellis dei materiali presenti su altri siti Web. Apellis declina ogni responsabilit\u00e0 in relazione all\u2019accesso dell\u2019utente ai siti Web linkati. Apellis fornisce collegamenti ad altri siti Web per comodit\u00e0 degli utenti, avvenendo l\u2019accesso a qualsiasi altro sito Web cui il sito rimanda a rischio e pericolo dell\u2019utente. Non ci assumiamo alcuna responsabilit\u00e0 per i siti Web esterni e i contenuti degli stessi che rimandano al nostro sito Web o a cui il sito Web rimanda mediante i collegamenti.&nbsp;<\/p>\n<\/div>\n\n<div class=\"default-block container\">\n<p><strong>Limitazione di responsabilit\u00e0 ed Esclusione di garanzie<\/strong>&nbsp;<\/p>\n<\/div>\n\n<div class=\"default-block container\">\n<p>L\u2019utilizzo del sito Web e dei materiali avviene a rischio e pericolo dell\u2019utente. Il sito Web e i materiali sono suscettibili, e saranno oggetto, di modifiche in qualsiasi momento. \u00c8 responsabilit\u00e0 dell\u2019utente stare attento a tali modifiche. L\u2019accesso ai materiali potrebbe non essere indicato per determinate persone o in determinati paesi. L\u2019utente accede al sito Web a suo rischio e pericolo ed \u00e8 responsabile della conformit\u00e0 alle leggi della propria giurisdizione. Nella misura consentita dalla legge, decliniamo ogni responsabilit\u00e0 per eventuali errori od omissioni, nonch\u00e9 per le conseguenze derivanti dall\u2019utilizzo delle informazioni o del sito Web.\u202f&nbsp;<\/p>\n<\/div>\n\n<div class=\"default-block container\">\n<p>Apellis non garantisce il funzionamento privo di errori del sito Web, n\u00e9 l\u2019assenza di virus informatici e altre merci pericolose dal sito Web o e dal relativo server. Laddove l\u2019utilizzo del sito Web dovesse condurre alla necessit\u00e0 di assistenza o sostituzione di apparecchiature o dati, Apellis non sar\u00e0 responsabile di tali costi.&nbsp;<\/p>\n<\/div>\n\n<div class=\"default-block container\">\n<p>Il sito Web e i materiali sono forniti \u201ccos\u00ec come sono\u201d senza garanzie esplicite o implicite di alcun tipo. Apellis e i suoi fornitori, nella misura massima consentita dalla legge, declinano tutte le garanzie esplicite e implicite, compresa la garanzia di commerciabilit\u00e0, non violazione dei diritti altrui e idoneit\u00e0 a uno scopo particolare. Apellis e i suoi fornitori non rilasciano alcuna garanzia circa l\u2019accuratezza, l\u2019affidabilit\u00e0, la completezza o la tempestivit\u00e0 dei materiali, dei servizi, del testo del software, della grafica e dei collegamenti o circa i risultati da ottenere mediante l\u2019uso del sito Web. Alcune giurisdizioni non consentono l\u2019esclusione di determinate garanzie. Di conseguenza, l\u2019esclusione di cui sopra potrebbe non applicarsi all\u2019utente.&nbsp;<\/p>\n<\/div>\n\n<div class=\"default-block container\">\n<p>In nessun caso Apellis, le sue collegate, i suoi fornitori o i terzi menzionati nel sito Web o coinvolti nella creazione, produzione o gestione del sito Web saranno responsabili per i danni (inclusi, tra gli altri, i danni accidentali e consequenziali, perdita di profitti o danni derivanti da perdita di dati o interruzione delle attivit\u00e0) derivanti dall\u2019accesso a, dall\u2019uso o dall\u2019incapacit\u00e0 di utilizzare il sito Web e i materiali o qualsiasi sito Web linkato, a prescindere se fondati su garanzia, contratto, illecito o altra ipotesi di responsabilit\u00e0 e dal fatto che Apellis sia stata informata o meno della possibilit\u00e0 di tali danni. In nessun caso la responsabilit\u00e0 totale di Apellis nei confronti dell\u2019utente per tutti i danni, le perdite e le azioni legali (a prescindere se da responsabilit\u00e0 contrattuale, illecito, tra cui, a titolo esemplificativo ma non esaustivo, atto colposo, o altrimenti derivanti) superer\u00e0 l\u2019importo pagato dall\u2019utente, se del caso, per accedere al sito Web.&nbsp;<\/p>\n<\/div>\n\n<div class=\"default-block container\">\n<p><strong>Diritti d\u2019autore e Marchi commerciali<\/strong>&nbsp;<\/p>\n<\/div>\n\n<div class=\"default-block container\">\n<p>Il sito Web e le informazioni in esso contenute sono di propriet\u00e0 di Apellis, delle sue collegate e dei suoi licenzianti e sono protetti da copia e diffusione non autorizzate dalla legge sui diritti d\u2019autore degli Stati Uniti, dalle convenzioni internazionali e da altre leggi sulla propriet\u00e0 intellettuale. I marchi e i loghi visualizzati sul sito Web sono marchi di Apellis, salvo diversa indicazione. Nulla di quanto contenuto nel sito Web sar\u00e0 interpretato come concessione di una licenza o di un diritto su o in relazione a marchi commerciali, loghi o altri diritti di propriet\u00e0 intellettuale. Tutti i diritti sono riservati ai proprietari di ciascun marchio commerciale, marchio di servizio, logo o altra propriet\u00e0 intellettuale, salvo diversa enunciazione contenuta nella presente informativa. Non \u00e8 consentito fare riferimento al nome o al logo Apellis mediante collegamenti su canali digitali o altrimenti senza il previo consenso scritto di Apellis.&nbsp;<\/p>\n<\/div>\n\n<div class=\"default-block container\">\n<p>La seguente informativa apparir\u00e0 su tutte le copie parziali o integrali del contenuto del sito autorizzate: \u201cCOPYRIGHT di Apellis Pharmaceuticals, Inc. 2021. TUTTI I DIRITTI RISERVATI\u201d.&nbsp;<\/p>\n<\/div>\n\n<div class=\"default-block container\">\n<p><strong>Clausola di manleva<\/strong>&nbsp;<\/p>\n<\/div>\n\n<div class=\"default-block container\">\n<p>L\u2019utente accetta di difendere, tenere indenne e manlevare Apellis da qualsiasi pretesa, azione o domanda, incluse, a titolo esemplificativo ma non esaustivo, le ragionevoli spese legali e contabili, conseguenti o inerenti alla violazione dei presenti termini e condizioni o all\u2019accesso, all\u2019uso o all\u2019abuso del sito Web o dei materiali da parte dell\u2019utente. Apellis notificher\u00e0 all\u2019utente ogni eventuale pretesa, causa o procedimento. Apellis si riserva il diritto di assumere la difesa e il controllo esclusivi di qualsiasi questione soggetta a manleva ai sensi della presente clausola. In tal caso, l\u2019utente accetta di coadiuvare ogni ragionevole richiesta di assistenza di Apellis nella difesa di tale questione.&nbsp;<\/p>\n<\/div>\n\n<div class=\"default-block container\">\n<p><strong>Dichiarazioni previsionali<\/strong>&nbsp;<\/p>\n<\/div>\n\n<div class=\"default-block container\">\n<p>Il presente sito Web contiene dichiarazioni previsionali come definite nel Private Securities Litigation Reform Act (Legge di riforma del contenzioso nel campo dei valori mobiliari) del 1995, e successive modifiche, comprese dichiarazioni su aspettative, piani, prospettive, obiettivi e strategie futuri di Apellis. Fermo restando quanto sopra, le parole \u201cpotrebbe\u201d, \u201csar\u00e0\u201d, \u201csarebbe\u201d, \u201cdovrebbe\u201d, \u201cci si aspetta\u201d, \u201cprogrammare\u201d, \u201csi prevede\u201d, \u201cavere intenzione\u201d, \u201ccredere\u201d, \u201cstimare\u201d, \u201cprevedere\u201d, \u201cprogettare\u201d, \u201cpotenziale\u201d, \u201ccontinuare\u201d, \u201cobiettivo\u201d ed espressioni simili sono destinate a identificare dichiarazioni previsionali, sebbene non tutte le dichiarazioni previsionali contengano tali parole identificative. Vi sono una serie di rischi, incertezze e altri fattori importanti, noti e ignoti, in grado di condurre a una sostanziale discrepanza tra i risultati, le prestazioni o i traguardi effettivamente raggiunti da Apellis e quelli espressi o impliciti in una dichiarazione previsionale. Tali rischi e incertezze includono, tra gli altri, rischi e incertezze relativi a tempistiche e risultati di sperimentazioni cliniche e studi preclinici in corso o programmati, compresa la successiva analisi dei dati esistenti e dei nuovi dati ricevuti da studi in atto e futuri; avanzamento, da parte di Apellis, di molteplici sforzi in fase iniziale; contenuto e tempistiche delle decisioni prese dalla Food and Drug Administration statunitense e da altre autorit\u00e0 regolatorie, comitati di revisione della sperimentazione presso i centri di sperimentazione clinica e gli organismi di revisione delle pubblicazioni; capacit\u00e0 di Apellis di ottenere e mantenere le autorizzazioni normative richieste e di arruolare pazienti nelle proprie sperimentazioni cliniche in corso o programmate; capacit\u00e0 di Apellis di ottenere, mantenere e far valere la tutela brevettuale e altri diritti di propriet\u00e0 intellettuale per i prodotti candidati in corso di sviluppo; e la capacit\u00e0 di Apellis di mantenere collaborazioni chiave e il successo di tali collaborazioni; nonch\u00e9 altri rischi elencati nel paragrafo \u201cFattori di rischio\u201d della relazione annuale di Apellis, nei rapporti trimestrali e in altri documenti di volta in volta presentati da Apellis presso la Securities and Exchange Commission (Commissione per i Titoli e gli Scambi), tutti disponibili sul sito e all\u2019indirizzo www.sec.gov. Apellis non si assume alcun obbligo di aggiornare le dichiarazioni previsionali che appaiono sul sito Web a seguito di nuove informazioni, eventi o circostanze futuri o altro. Nessuna delle informazioni contenute nel sito Web \u00e8 destinata all\u2019inclusione, n\u00e9 sar\u00e0 ritenuta compresa, nei documenti depositati da Apellis presso la Securities and Exchange Commission (Commissione per i Titoli e gli Scambi).&nbsp;<\/p>\n<\/div>\n\n<div class=\"default-block container\">\n<p><strong>Legge applicabile<\/strong>&nbsp;<\/p>\n<\/div>\n\n<div class=\"default-block container\">\n<p>Le presenti condizioni sono disciplinate dalle leggi svizzere, senza ricorrere ai principi del diritto internazionale privato. Le eventuali azioni o procedimenti legali basati su, derivanti da o correlati alle presenti condizioni o all\u2019uso del sito (ivi comprese le informazioni in esso contenute) saranno intentati esclusivamente presso i tribunali di Zugo, rinunciando tutte le parti a qualsivoglia obiezione in merito alla competenza e giurisdizione esclusiva di tali tribunali.&nbsp;<\/p>\n<\/div>\n\n<div class=\"default-block container\">\n<p><strong>Disposizioni varie<\/strong>&nbsp;<\/p>\n<\/div>\n\n<div class=\"default-block container\">\n<p>Laddove una disposizione delle presenti condizioni fosse giudicata inefficace da un tribunale avente giurisdizione, l\u2019inefficacia di tale disposizione non intaccher\u00e0 la validit\u00e0 delle restanti disposizioni delle presenti condizioni, che rimarranno pienamente vigenti ed efficaci. La mancata azione di Apellis riguardo a, o la rinuncia a far valere, una disposizione del Contratto non sar\u00e0 interpretata come una rinuncia a tale disposizione o a qualsiasi altra disposizione contenuta nelle presenti condizioni. Nessuna rinuncia potr\u00e0 farsi valere nei confronti di Apellis, a meno che non sia effettuata per iscritto, n\u00e9 potr\u00e0 interpretarsi come rinuncia a ulteriori o susseguenti violazioni o inadempienze. Salvo quanto espressamente concordato da Apellis e dall\u2019utente, le presenti condizioni (insieme all\u2019Informativa sulla Privacy) costituiscono l\u2019intero accordo tra l\u2019utente e Apellis in relazione all\u2019oggetto del contratto e sostituiscono tutte le pregresse e contestuali intese, scritte od orali, intervenute tra le parti in relazione a tale oggetto. I titoli dei paragrafi sono forniti esclusivamente a fini pratici e non avranno alcuna rilevanza legale. I presenti termini e condizioni saranno operanti a favore dei nostri aventi causa, cessionari, licenziatari e sub-licenziatari, i quali ne risulteranno vincolati.&nbsp;<\/p>\n<\/div>\n\n<div class=\"default-block container\">\n<p><strong>Accettazione degli attuali Termini e Condizioni da parte dell\u2019utente<\/strong>&nbsp;<\/p>\n<\/div>\n\n<div class=\"default-block container\">\n<p>Chiediamo all\u2019utente di dedicare qualche minuto all\u2019attento esame di questi Termini e Condizioni. Accedendo al sito Web e utilizzandolo, l\u2019utente accetta di attenersi ai Termini e Condizioni ed esserne vincolato. Se l\u2019utente non accetta di attenersi ai Termini e Condizioni ed esserne vincolato non pu\u00f2 accedere al sito Web, utilizzare il sito Web o scaricare materiali dal sito Web.&nbsp;<\/p>\n<\/div>\n\n<div class=\"default-block container\">\n<p><strong>Modifiche agli attuali Termini e Condizioni<\/strong>&nbsp;<\/p>\n<\/div>\n\n<div class=\"default-block container\">\n<p>Apellis si riserva il diritto di aggiornare o modificare Termini e Condizioni in qualsiasi momento, senza preavviso. L\u2019utilizzo del sito Web a seguito dell\u2019introduzione di tali modifiche equivale al consenso dell\u2019utente ad attenersi alle condizioni aggiornate e ad esserne vincolato. Per questo motivo, Apellis invita l\u2019utente a rivedere i Termini e Condizioni vigenti ogniqualvolta utilizzi il presente sito Web.&nbsp;<\/p>\n<\/div>\n\n<div class=\"default-block container\">\n<p>L\u2019ultima revisione dei presenti termini e condizioni risale al 30 Aprile 2024.&nbsp;<\/p>\n<\/div>\n\n<div class=\"default-block container\">\n<p>EU-GA-2300007\u00a0\u00a0\u00a0\u00a0\u00a0April 2026<\/p>\n<\/div>","protected":false},"excerpt":{"rendered":"<p>Apellis Italy Srl&nbsp; Benvenuti sul sito Web Atrofiageografica.it (\u201cAtrofiageografica.it\u201d). Ci riferiamo al sito Web di propriet\u00e0 di, e controllato da, Apellis (\u201cApellis\u201d) Italy Srl, 3 Piazza Filippo Meda,Milan 20121,Italy con sede in. L\u2019utente pu\u00f2 utilizzare il sito a condizione che rispetti le presenti condizioni.\u202f&nbsp; Apellis rispetta la privacy degli utenti del sito. Pertanto, si prega [&hellip;]<\/p>\n","protected":false},"author":193,"featured_media":0,"parent":0,"menu_order":0,"comment_status":"closed","ping_status":"closed","template":"","meta":{"inline_featured_image":false,"_themeisle_gutenberg_block_has_review":false,"footnotes":""},"class_list":["post-346","page","type-page","status-publish","hentry"],"acf":[],"aioseo_notices":[],"_links":{"self":[{"href":"https:\/\/staging.geographicatrophy.info\/it\/wp-json\/wp\/v2\/pages\/346","targetHints":{"allow":["GET"]}}],"collection":[{"href":"https:\/\/staging.geographicatrophy.info\/it\/wp-json\/wp\/v2\/pages"}],"about":[{"href":"https:\/\/staging.geographicatrophy.info\/it\/wp-json\/wp\/v2\/types\/page"}],"author":[{"embeddable":true,"href":"https:\/\/staging.geographicatrophy.info\/it\/wp-json\/wp\/v2\/users\/193"}],"replies":[{"embeddable":true,"href":"https:\/\/staging.geographicatrophy.info\/it\/wp-json\/wp\/v2\/comments?post=346"}],"version-history":[{"count":0,"href":"https:\/\/staging.geographicatrophy.info\/it\/wp-json\/wp\/v2\/pages\/346\/revisions"}],"wp:attachment":[{"href":"https:\/\/staging.geographicatrophy.info\/it\/wp-json\/wp\/v2\/media?parent=346"}],"curies":[{"name":"wp","href":"https:\/\/api.w.org\/{rel}","templated":true}]}}