{"id":294,"date":"2022-08-15T08:47:01","date_gmt":"2022-08-15T08:47:01","guid":{"rendered":"https:\/\/geographicatrophy.info\/?page_id=294"},"modified":"2026-03-26T12:57:56","modified_gmt":"2026-03-26T12:57:56","slug":"informativa-sui-cookie","status":"publish","type":"page","link":"https:\/\/staging.geographicatrophy.info\/it\/informativa-sui-cookie\/","title":{"rendered":"Informativa sui Cookie"},"content":{"rendered":"<div class=\"default-block container\">\n<p>I cookie sono parti di dati che un sito Web pu\u00f2 trasferire al browser di un utente. I cookie possono rimanere sul computer dell\u2019utente dopo l\u2019abbandono del sito Web, ma l\u2019utente pu\u00f2 eliminarli manualmente nella maggior parte dei browser. La maggior parte dei browser \u00e8 preimpostata per accettare i cookie. Alcuni cookie memorizzano i dati solo per il periodo in cui l\u2019utente si trova sul sito Web. Sono i cosiddetti cookie di sessione e non vengono memorizzati sul computer dell\u2019utente dopo l\u2019abbandono del sito Web.&nbsp;<\/p>\n<\/div>\n\n<div class=\"default-block container\">\n<p>Se l\u2019utente preferisce non ricevere i cookie, pu\u00f2 impostare il browser in modo da rifiutare i cookie o avvisare l\u2019utente quando vengono utilizzati i cookie. La maggior parte degli elementi di questo sito continuer\u00e0 a funzionare dopo la disabilitazione dei cookie nelle impostazioni del browser.&nbsp;<\/p>\n<\/div>\n\n<div class=\"default-block container\">\n<p>Se il browser utilizza le impostazioni standard e accetta i cookie, quando l\u2019utente visita il Sito fornisce il consenso all\u2019archiviazione dei cookie usati dal Sito sul proprio computer. Se l\u2019utente non desidera che ci\u00f2 accada, pu\u00f2 disabilitare i cookie nelle impostazioni del browser.&nbsp;<\/p>\n<\/div>\n\n<div class=\"default-block container\">\n<p>Sul Sito vengono utilizzati\u202fi seguenti cookie. Per impostazione predefinita, tutti i cookie consentiti vengono memorizzati per un anno.<\/p>\n<\/div>\n\n<div class=\"default-block container\">\n<div style=\"height:50px\" aria-hidden=\"true\" class=\"wp-block-spacer\"><\/div>\n<\/div>\n\n<div class=\"default-block container\">\n<p><strong>Tipi di cookie<\/strong>&nbsp;<\/p>\n<\/div>\n\n<div class=\"default-block container\">\n<p><strong>Cookie di sessione e persistenti<\/strong>&nbsp;<\/p>\n<\/div>\n\n<div class=\"default-block container\">\n<p>I cookie possono scadere al termine di una sessione del browser (da quando un utente apre la finestra del browser a quando esce dal browser) oppure possono essere memorizzati per periodi di tempo pi\u00f9 lunghi.&nbsp;<\/p>\n<\/div>\n\n<div class=\"default-block container\">\n<p><strong>Cookie di sessione<\/strong>: consentono ai siti Web di collegare le azioni di un utente durante una sessione del browser. Possono essere utilizzati per una variet\u00e0 di scopi, come ricordare ci\u00f2 che un utente ha inserito nel proprio carrello mentre naviga in un sito. I cookie di sessione scadono dopo una sessione del browser.&nbsp;<\/p>\n<\/div>\n\n<div class=\"default-block container\">\n<p>L\u2019uso dei cosiddetti cookie di sessione (che, in ogni caso, non vengono memorizzati in modo duraturo sul computer dell\u2019utente e vengono eliminati automaticamente non appena il browser viene chiuso) \u00e8 strettamente limitato allo scopo di trasmettere dati (costituiti da numeri casuali creati dal server) utili a identificare la sessione specifica e necessari a consentire una navigazione sicura ed efficiente sul sito Web. I cosiddetti cookie di sessione utilizzati nel sito Web consentono di evitare altri metodi informatici che potrebbero magari compromettere la privacy del web-surfing degli utenti.&nbsp;<\/p>\n<\/div>\n\n<div class=\"default-block container\">\n<p><strong>Cookie persistenti<\/strong>: vengono memorizzati sul dispositivo di un utente tra una sessione del browser e l\u2019altra, consentendo di ricordare le preferenze o le azioni dell\u2019utente su un sito Web (o, in alcuni casi, su siti Web diversi). I cookie persistenti possono essere utilizzati per una variet\u00e0 di scopi, tra cui, ricordare le preferenze e le scelte degli utenti quando utilizzano un sito.&nbsp;<\/p>\n<\/div>\n\n<div class=\"default-block container\">\n<p><strong>Cookie di prima e terza parte<\/strong>: la caratterizzazione come \u201ccookie di prima parte\u201d o \u201ccookie di terza parte\u201d riguarda il sito Web o il dominio che inserisce il cookie. In parole povere, i cookie di prima parte sono cookie impostati da un sito Web visitato dall\u2019utente, ovvero, il sito Web visualizzato nella barra degli indirizzi. I cookie di terza parte sono cookie provenienti da un dominio diverso dal dominio del sito Web che si sta visitando e sono impostati, ai fini della nostra strategia pubblicitaria e di marketing, da un dominio diverso da quello visitato dall\u2019utente.&nbsp;<\/p>\n<\/div>\n\n<div class=\"default-block container\">\n<div style=\"height:50px\" aria-hidden=\"true\" class=\"wp-block-spacer\"><\/div>\n<\/div>\n\n<div class=\"default-block container\">\n<p><strong>Cookie usati da Apellis<\/strong>&nbsp;<\/p>\n<\/div>\n\n<div class=\"default-block container\">\n<p>In occasione delle visite dell\u2019utente ai siti Web, Apellis utilizza i cookie per migliorare l\u2019esperienza dell\u2019utente, proteggere le sue informazioni, nonch\u00e9 per sviluppare statistiche aggregate sui dati raccolti per vari motivi. Pi\u00f9 specificamente, utilizziamo cookie e altre tecnologie di tracciamento per le seguenti finalit\u00e0:<\/p>\n<\/div>\n\n<div class=\"default-block container\">\n<p><strong>Cookie strettamente necessari<\/strong>&nbsp;<\/p>\n<\/div>\n\n<div class=\"default-block container\">\n<p>Questi cookie sono necessari per il funzionamento del sito Web e non possono essere disattivati nei nostri sistemi. Di solito, sono impostati solo in risposta ad azioni effettuate dall\u2019utente che corrispondono a una richiesta di servizi, come l\u2019impostazione delle preferenze sulla privacy o la compilazione di moduli. L\u2019utente pu\u00f2 configurare il browser in modo da bloccare tali cookie o ricevere una notifica in merito ma, in tal caso, alcune parti del sito non funzioneranno. Questi cookie non memorizzano alcun dato personale.&nbsp;<\/p>\n<\/div>\n\n<div class=\"default-block container\">\n<div style=\"height:50px\" aria-hidden=\"true\" class=\"wp-block-spacer\"><\/div>\n<\/div>\n\n<div class=\"default-block container\">\n<figure class=\"wp-block-table\"><table><tbody><tr><td><strong>Nome del cookie<\/strong>&nbsp;<\/td><td><strong>Origine<\/strong>&nbsp;<\/td><td><strong>Scadenza<\/strong>&nbsp;<\/td><td><strong>Stato di default<\/strong>&nbsp;<\/td><\/tr><tr><td>cookieBanner&nbsp;<\/td><td>Sito Web&nbsp;<\/td><td>1 anno&nbsp;<\/td><td>Viene utilizzato per memorizzare l\u2019autorizzazione all\u2019utilizzo dei cookie&nbsp;<\/td><\/tr><tr><td>profBanner&nbsp;<\/td><td>Sito Web&nbsp;<\/td><td>1 anno&nbsp;<\/td><td>Il banner di consenso ai cookie per gli Operatori Sanitari confermati non ricomparir\u00e0 in occasione delle ulteriori visite al sito Web&nbsp;<\/td><\/tr><tr><td>&nbsp;<\/td><td>&nbsp;<\/td><td>&nbsp;<\/td><td>&nbsp;<\/td><\/tr><\/tbody><\/table><\/figure>\n<\/div>\n\n<div class=\"default-block container\">\n<div style=\"height:50px\" aria-hidden=\"true\" class=\"wp-block-spacer\"><\/div>\n<\/div>\n\n<div class=\"default-block container\">\n<p><strong>Cookie opzionali<\/strong>&nbsp;<\/p>\n<\/div>\n\n<div class=\"default-block container\">\n<p>Disattiva\/attiva cookie opzionali&nbsp;<\/p>\n<\/div>\n\n<div class=\"default-block container\">\n<div style=\"height:50px\" aria-hidden=\"true\" class=\"wp-block-spacer\"><\/div>\n<\/div>\n\n<div class=\"default-block container\">\n<p><strong>Cookie funzionali<\/strong>&nbsp;<\/p>\n<\/div>\n\n<div class=\"default-block container\">\n<p>Questi cookie consentono al sito Web di fornire funzionalit\u00e0 e personalizzazioni avanzate. Possono essere impostati da Apellis o da fornitori terzi i cui servizi siano stati aggiunti alle nostre pagine. Se l\u2019utente non acconsente a tali cookie, alcuni o tutti i servizi aggiunti potrebbero non funzionare correttamente.&nbsp;<\/p>\n<\/div>\n\n<div class=\"default-block container\">\n<div style=\"height:50px\" aria-hidden=\"true\" class=\"wp-block-spacer\"><\/div>\n<\/div>\n\n<div class=\"default-block container\">\n<figure class=\"wp-block-table\"><table><tbody><tr><td><strong>Nome del cookie<\/strong>&nbsp;<\/td><td><strong>Origine<\/strong>&nbsp;<\/td><td><strong>Scadenza<\/strong>&nbsp;<\/td><td><strong>Stato di default<\/strong>&nbsp;<\/td><\/tr><tr><td>wordpress_sec_{ID}&nbsp;<\/td><td>Sito Web&nbsp;<\/td><td>Solo per la durata della sessione&nbsp;<\/td><td>Utilizzato per gli utenti connessi con ID sessione&nbsp;<\/td><\/tr><tr><td>wordpress_logged_in_{ID}&nbsp;<\/td><td>Sito Web&nbsp;<\/td><td>Solo per la durata della sessione&nbsp;<\/td><td>Utilizzato per gli utenti connessi con ID sessione&nbsp;<\/td><\/tr><\/tbody><\/table><\/figure>\n<\/div>\n\n<div class=\"default-block container\">\n<div style=\"height:50px\" aria-hidden=\"true\" class=\"wp-block-spacer\"><\/div>\n<\/div>\n\n<div class=\"default-block container\">\n<p><strong>Cookie di prestazione<\/strong>&nbsp;<\/p>\n<\/div>\n\n<div class=\"default-block container\">\n<p>Questi cookie ci consentono di contare le visite e le fonti di traffico in modo da poter misurare e migliorare le prestazioni del sito. Ci aiutano a individuare le pagine pi\u00f9 e meno popolari e a comprendere come i visitatori si muovono nel sito. Tutte le informazioni raccolte da questi cookie sono aggregate e, quindi, anonime. Se l\u2019utente non acconsente a questi cookie, non sapremo quando ha visitato il nostro sito e non saremo in grado di monitorarne le prestazioni.&nbsp;<\/p>\n<\/div>\n\n<div class=\"default-block container\">\n<div style=\"height:50px\" aria-hidden=\"true\" class=\"wp-block-spacer\"><\/div>\n<\/div>\n\n<div class=\"default-block container\">\n<div class=\"wp-block-columns is-layout-flex wp-container-core-columns-is-layout-9d6595d7 wp-block-columns-is-layout-flex\">\n<div class=\"wp-block-column is-layout-flow wp-block-column-is-layout-flow\" style=\"flex-basis:100%\"><div class=\"default-block container\">\n<figure class=\"wp-block-table\"><table><tbody><tr><td><strong>Nome del cookie<\/strong>&nbsp;<\/td><td><strong>Origine<\/strong>&nbsp;<\/td><td><strong>Scadenza<\/strong>&nbsp;<\/td><td><strong>Stato di default<\/strong>&nbsp;<\/td><\/tr><tr><td>AMCV_###@AdobeOrd&nbsp;<\/td><td>Servizio ID di Adobe Experience Cloud&nbsp;<\/td><td>2 anni&nbsp;<\/td><td>Utilizzato da Adobe Solutions per identificare un visitatore unico&nbsp;<\/td><\/tr><tr><td>s_ecido&nbsp;<\/td><td>Adobe Analytics&nbsp;<\/td><td>2 anni&nbsp;<\/td><td>Utilizzato per consentire il tracciamento persistente dell\u2019ID nello stato di 1a parte.&nbsp;<\/td><\/tr><tr><td>s_vi&nbsp;<\/td><td>Adobe Analytics&nbsp;<\/td><td>2 anni&nbsp;<\/td><td>Utilizzato da Adobe Analytics (per identificare un visitatore univoco)&nbsp;<\/td><\/tr><tr><td>s_cc&nbsp;<\/td><td>Adobe Analytics&nbsp;<\/td><td>Sessione&nbsp;<\/td><td>Utilizzato da Adobe Analytics (controlla se i cookie sono abilitati)&nbsp;<\/td><\/tr><tr><td>s_sq&nbsp;<\/td><td>Adobe Analytics&nbsp;<\/td><td>Sessione&nbsp;<\/td><td>Utilizzato da Adobe Analytics (traccia i link selezionati dall\u2019utente)&nbsp;<\/td><\/tr><tr><td>Altri cookie s_***&nbsp;<\/td><td>Plug-in di Adobe Analytics&nbsp;<\/td><td>Sessione o fino a 2 anni&nbsp;<\/td><td>Utilizzato da Adobe Analytics&nbsp;<\/td><\/tr><tr><td>s_nr30&nbsp;<\/td><td>Plug-in di Adobe Analytics&nbsp;<\/td><td>2 anni&nbsp;<\/td><td>Utilizzato da Adobe Analytics (per identificare i visitatori abituali o nuovi)&nbsp;<\/td><\/tr><tr><td>s_plt&nbsp;<\/td><td>Plug-in di Adobe Analytics&nbsp;<\/td><td>Sessione&nbsp;<\/td><td>Utilizzato da Adobe Analytics (per ottenere il tempo di caricamento della pagina)&nbsp;<\/td><\/tr><tr><td>s_pltp&nbsp;<\/td><td>Plug-in di Adobe Analytics&nbsp;<\/td><td>Sessione&nbsp;<\/td><td>Utilizzato da Adobe Analytics (ottiene il nome della pagina della precedente richiesta di Adobe Analytics)&nbsp;<\/td><\/tr><tr><td>s_ppv&nbsp;<\/td><td>Plug-in di Adobe Analytics&nbsp;<\/td><td>Sessione&nbsp;<\/td><td>Utilizzato da Adobe Analytics (% di pagine visualizzate)&nbsp;<\/td><\/tr><tr><td>s_tslv&nbsp;<\/td><td>Plug-in di Adobe Analytics&nbsp;<\/td><td>2 anni&nbsp;<\/td><td>Utilizzato da Adobe Analytics (traccia il tempo trascorso dall\u2019ultima visita)&nbsp;<\/td><\/tr><\/tbody><\/table><\/figure>\n<\/div><\/div>\n<\/div>\n<\/div>\n\n<div class=\"default-block container\">\n<div style=\"height:50px\" aria-hidden=\"true\" class=\"wp-block-spacer\"><\/div>\n<\/div>\n\n<div class=\"default-block container\">\n<p>I cookie di Adobe Analytics ci permettono di rilevare in modo anonimo il modo in cui l\u2019utente utilizza i nostri siti e le informazioni che cerca. Utilizziamo queste informazioni per migliorare i nostri siti. Per maggiori informazioni consulta\u202f<a href=\"https:\/\/nam10.safelinks.protection.outlook.com\/?url=https%3A%2F%2Fcas5-0-urlprotect.trendmicro.com%2Fwis%2Fclicktime%2Fv1%2Fquery%3Furl%3Dhttps%253a%252f%252fnam10.safelinks.protection.outlook.com%252f%253furl%253dhttps%25253A%25252F%25252Fexperienceleague.adobe.com%25252Fdocs%25252Fcore-services%25252Finterface%25252Fec-cookies%25252Fcookies-analytics.html%25253Flang%25253Den%252523ec-cookies%2526data%253d05%25257C01%25257Csam.peach%252540apellis.com%25257Cb8c017961a01444ec4e808dafd633a23%25257Cc0b88ee905be43cfbc89689cffa4ba01%25257C0%25257C1%25257C638100899882322615%25257CUnknown%25257CTWFpbGZsb3d8eyJWIjoiMC4wLjAwMDAiLCJQIjoiV2luMzIiLCJBTiI6Ik1haWwiLCJXVCI6Mn0%25253D%25257C2000%25257C%25257C%25257C%2526sdata%253d3KiWAumqd9AoCRJOz567ATUzMGQqCEqOxt9%25252BBw8MSxY%25253D%2526reserved%253d0%26umid%3Dd68d6297-c03b-49a1-be6d-5f4f1d71c708%26auth%3De7625fb0df89f9c236ff779dff122b60a50892ce-15536106f5c1f8bb6b41602729a8f602323fb26e&amp;data=05%7C01%7Csam.peach%40apellis.com%7C81bb540bb1b14a6f9ae808dafdec57be%7Cc0b88ee905be43cfbc89689cffa4ba01%7C0%7C1%7C638101488812780948%7CUnknown%7CTWFpbGZsb3d8eyJWIjoiMC4wLjAwMDAiLCJQIjoiV2luMzIiLCJBTiI6Ik1haWwiLCJXVCI6Mn0%3D%7C2000%7C%7C%7C&amp;sdata=cqXzvOJN96IV9ziJzCNY3YI28QyqtXtMkZza5%2F1vtr0%3D&amp;reserved=0\" target=\"_blank\" rel=\"noreferrer noopener\">le\u202f<\/a><a href=\"https:\/\/experienceleague.adobe.com\/docs\/core-services\/interface\/administration\/ec-cookies\/cookies-analytics.html?lang=it\" target=\"_blank\" rel=\"noreferrer noopener\">informazioni sui cookie di Adobe Analytics<\/a>&nbsp;<\/p>\n<\/div>\n\n<div class=\"default-block container\">\n<div style=\"height:50px\" aria-hidden=\"true\" class=\"wp-block-spacer\"><\/div>\n<\/div>\n\n<div class=\"default-block container\">\n<p><strong>Come accettare, gestire ed eliminare i nostri cookie<\/strong>&nbsp;<\/p>\n<\/div>\n\n<div class=\"default-block container\">\n<p>Alcuni cookie sono strettamente necessari per il corretto funzionamento del sito Web e non richiedono il consenso dell\u2019utente, ad esempio, i cookie che garantiscono il rapido ed efficace caricamento del contenuto di una pagina distribuendo il carico di lavoro tra diversi computer o altri cookie deputati alla sicurezza.&nbsp;<\/p>\n<\/div>\n\n<div class=\"default-block container\">\n<p>Altri cookie sono comunque necessari o importanti, ma non sono strettamente essenziali e, pertanto, richiedono il consenso dell\u2019utente. Per questi cookie (ad es., cookie di prestazione e funzionalit\u00e0), richiediamo il consenso dell\u2019utente (con il pulsante \u201caccetta tutti i cookie\u201d\u202fnel nostro banner dei cookie o attraverso le impostazioni dei cookie del browser) prima di inserirli sul suo dispositivo.&nbsp;<\/p>\n<\/div>\n\n<div class=\"default-block container\">\n<p>Se l\u2019utente non desidera fornire il proprio consenso o, in un momento dato, desidera revocare il proprio consenso ai cookie non essenziali, dovr\u00e0 eliminare e bloccare, o disabilitare, i cookie tramite le impostazioni del browser. Dette impostazioni si trovano solitamente nel menu \u201copzioni\u201d o \u201cpreferenze\u201d del browser. Altrimenti, utilizzare l\u2019opzione \u201cGuida in linea\u201d del browser per ulteriori particolari oppure fare clic su uno dei link sottostanti per andare direttamente al manuale utente del browser:&nbsp;<\/p>\n<\/div>\n\n<div class=\"default-block container\">\n<ul class=\"wp-block-list\"><div class=\"default-block container\">\n<li><a href=\"https:\/\/support.mozilla.org\/en-US\/kb\/clear-cookies-and-site-data-firefox?redirectlocale=en-US&amp;redirectslug=delete-cookies-remove-info-websites-stored\" target=\"_blank\" rel=\"noreferrer noopener\">Mozilla Firefox<\/a>\u00a0<\/li>\n<\/div>\n\n<div class=\"default-block container\">\n<li><a href=\"https:\/\/support.google.com\/chrome\/answer\/95647?co=GENIE.Platform%25253DDesktop&amp;hl=en\" target=\"_blank\" rel=\"noreferrer noopener\">Google Chrome<\/a>\u00a0<\/li>\n<\/div>\n\n<div class=\"default-block container\">\n<li><a href=\"https:\/\/support.apple.com\/\" target=\"_blank\" rel=\"noreferrer noopener\">Safari<\/a>\u00a0<\/li>\n<\/div>\n\n<div class=\"default-block container\">\n<li><a href=\"https:\/\/help.opera.com\/en\/latest\/\" target=\"_blank\" rel=\"noreferrer noopener\">Opera<\/a>\u00a0<\/li>\n<\/div>\n\n<div class=\"default-block container\">\n<li><a href=\"https:\/\/support.microsoft.com\/en-in\/help\/278835\/how-to-delete-cookie-files-in-internet-explorer\" target=\"_blank\" rel=\"noreferrer noopener\">Internet Explorer<\/a>\u00a0<\/li>\n<\/div><\/ul>\n<\/div>\n\n<div class=\"default-block container\">\n<p>Attenzione: la disabilitazione o il blocco di alcune o tutte le categorie di cookie influir\u00e0 sulla funzionalit\u00e0 del sito, potendo pregiudicare l\u2019accesso dell\u2019utente e l\u2019esperienza offerta allo stesso dal sito e dai servizi da noi proposti.&nbsp;<\/p>\n<\/div>\n\n<div class=\"default-block container\">\n<p>Le preferenze dell\u2019utente sui cookie sono limitate al sito e non si estendono a siti Web di terzi o ad altre pagine Web cui gli eventuali collegamenti ipertestuali contenuti nel sito rimandano. Per ulteriori informazioni sui cookie utilizzati da tali siti Web, fare riferimento all\u2019apposita informativa sulla privacy o informativa sui cookie di tali siti Web.&nbsp;<\/p>\n<\/div>\n\n<div class=\"default-block container\">\n<div style=\"height:50px\" aria-hidden=\"true\" class=\"wp-block-spacer\"><\/div>\n<\/div>\n\n<div class=\"default-block container\">\n<p><strong>Aggiornamento dell\u2019informativa sui cookie<\/strong>&nbsp;<\/p>\n<\/div>\n\n<div class=\"default-block container\">\n<p>L\u2019informativa sui cookie del Sito \u00e8 soggetta ad aggiornamenti periodici, pertanto, si consiglia di consultare il documento ogni qualvolta si accede al sito, al fine di essere adeguatamente informati riguardo a eventuali modifiche relative al nostro utilizzo dei cookie.&nbsp;<\/p>\n<\/div>\n\n<div class=\"default-block container\">\n<div style=\"height:50px\" aria-hidden=\"true\" class=\"wp-block-spacer\"><\/div>\n<\/div>\n\n<div class=\"default-block container\">\n<p><strong>Maggiori informazioni sui cookie<\/strong>&nbsp;<\/p>\n<\/div>\n\n<div class=\"default-block container\">\n<p>Per ulteriori informazioni sui cookie installati attraverso il sito, l\u2019utente pu\u00f2 contattare il nostro Ufficio Privacy all\u2019indirizzo:\u202fprivacy@apellis.com&nbsp;<\/p>\n<\/div>\n\n<div class=\"default-block container\">\n<p>L\u2019utente pu\u00f2 anche visitare le pagine\u202f<a href=\"https:\/\/www.aboutcookies.org\/\" target=\"_blank\" rel=\"noreferrer noopener\">www.aboutcookies.org<\/a>\u202fo\u202f<a href=\"https:\/\/www.allaboutcookies.org\/\" target=\"_blank\" rel=\"noreferrer noopener\">www.allaboutcookies.org<\/a>, che contengono informazioni generali sui cookie e informazioni esaustive su come modificare le impostazioni dei cookie su un\u2019ampia variet\u00e0 di browser e su come eliminare i cookie dal proprio computer.&nbsp;<\/p>\n<\/div>\n\n<div class=\"default-block container\">\n<p>Ultima revisione:&nbsp;&nbsp;<\/p>\n<\/div>\n\n<div class=\"default-block container\">\n<p>Data: 30 Aprile 2024.&nbsp;<\/p>\n<\/div>\n\n<div class=\"default-block container\">\n<div style=\"height:50px\" aria-hidden=\"true\" class=\"wp-block-spacer\"><\/div>\n<\/div>\n\n<div class=\"default-block container\">\n<p>EU-GA-2300007\u00a0\u00a0\u00a0\u00a0\u00a0April 2026<\/p>\n<\/div>","protected":false},"excerpt":{"rendered":"<p>I cookie sono parti di dati che un sito Web pu\u00f2 trasferire al browser di un utente. I cookie possono rimanere sul computer dell\u2019utente dopo l\u2019abbandono del sito Web, ma l\u2019utente pu\u00f2 eliminarli manualmente nella maggior parte dei browser. La maggior parte dei browser \u00e8 preimpostata per accettare i cookie. Alcuni cookie memorizzano i dati [&hellip;]<\/p>\n","protected":false},"author":193,"featured_media":0,"parent":0,"menu_order":0,"comment_status":"closed","ping_status":"closed","template":"","meta":{"inline_featured_image":false,"_themeisle_gutenberg_block_has_review":false,"footnotes":""},"class_list":["post-294","page","type-page","status-publish","hentry"],"acf":[],"aioseo_notices":[],"_links":{"self":[{"href":"https:\/\/staging.geographicatrophy.info\/it\/wp-json\/wp\/v2\/pages\/294","targetHints":{"allow":["GET"]}}],"collection":[{"href":"https:\/\/staging.geographicatrophy.info\/it\/wp-json\/wp\/v2\/pages"}],"about":[{"href":"https:\/\/staging.geographicatrophy.info\/it\/wp-json\/wp\/v2\/types\/page"}],"author":[{"embeddable":true,"href":"https:\/\/staging.geographicatrophy.info\/it\/wp-json\/wp\/v2\/users\/193"}],"replies":[{"embeddable":true,"href":"https:\/\/staging.geographicatrophy.info\/it\/wp-json\/wp\/v2\/comments?post=294"}],"version-history":[{"count":0,"href":"https:\/\/staging.geographicatrophy.info\/it\/wp-json\/wp\/v2\/pages\/294\/revisions"}],"wp:attachment":[{"href":"https:\/\/staging.geographicatrophy.info\/it\/wp-json\/wp\/v2\/media?parent=294"}],"curies":[{"name":"wp","href":"https:\/\/api.w.org\/{rel}","templated":true}]}}