{"id":96,"date":"2023-06-06T13:45:11","date_gmt":"2023-06-06T13:45:11","guid":{"rendered":"https:\/\/geographicatrophy.info\/es\/?page_id=96"},"modified":"2023-06-06T13:45:12","modified_gmt":"2023-06-06T13:45:12","slug":"aviso-legal","status":"publish","type":"page","link":"https:\/\/staging.geographicatrophy.info\/es\/aviso-legal\/","title":{"rendered":"Aviso legal"},"content":{"rendered":"<div class=\"default-block container\">\n<div class=\"wp-block-columns is-layout-flex wp-container-core-columns-is-layout-9d6595d7 wp-block-columns-is-layout-flex\">\n<div class=\"wp-block-column is-layout-flow wp-block-column-is-layout-flow\"><\/div>\n<\/div>\n<\/div>\n\n<div class=\"default-block container\">\n<p>Apellis International GmbH<\/p>\n<\/div>\n\n<div class=\"default-block container\">\n<p>Le damos la bienvenida al sitio web staging.geographicatrophy.info (\u201cstaging.geographicatrophy.info\u201d). Nos referimos a este sitio web propiedad de y controlado por Apellis (en adelante, \u201cApellis\u201d) International GmbH, con sede en Z\u00e4hlerweg 10, 6300 Zug, Suiza. Puede utilizar este sitio web siempre que respete los presentes t\u00e9rminos y condiciones.&nbsp;<\/p>\n<\/div>\n\n<div class=\"default-block container\">\n<p>Apellis respeta la privacidad de los usuarios de este sitio web. Por lo tanto, lea y tenga en cuenta las disposiciones de nuestra Declaraci\u00f3n de Privacidad, en la que se divulgan las pr\u00e1cticas de Apellis relativas a la recogida y el uso de sus datos personales, y otras pol\u00edticas que rigen otras partes de este sitio web.<\/p>\n<\/div>\n\n<div class=\"default-block container\">\n<p><strong>Naturaleza de la informaci\u00f3n<\/strong><\/p>\n<\/div>\n\n<div class=\"default-block container\">\n<p>Apellis cre\u00f3 y mantiene este sitio web \u00fanicamente con fines informativos y educativos generales. Este sitio web no proporciona asesoramiento m\u00e9dico. La informaci\u00f3n ofrecida no sustituye a la atenci\u00f3n m\u00e9dica real. No deber\u00e1 utilizar la informaci\u00f3n contenida en este documento para diagnosticar ninguna enfermedad o problema f\u00edsico ni para recetar o utilizar ning\u00fan medicamento presentado en el sitio. Se insta a las personas que requieren diagn\u00f3stico o tratamiento, o que tienen preguntas espec\u00edficas relacionadas con su afecci\u00f3n o atenci\u00f3n, a que se pongan en contacto con su m\u00e9dico. La informaci\u00f3n del sitio web puede contener referencias directas o indirectas a productos, programas o servicios de Apellis, que pueden no estar disponibles en ciertos pa\u00edses o regiones y que pueden estar sujetos a diferentes normativas y condiciones de uso seg\u00fan el pa\u00eds. Apellis no realiza estas referencias para vender estos productos, programas o servicios.<\/p>\n<\/div>\n\n<div class=\"default-block container\">\n<p>La informaci\u00f3n presentada en este sitio web est\u00e1 o estaba actualizada en la fecha de \u201c\u00daltima actualizaci\u00f3n\u201d que se muestra en cada p\u00e1gina. Apellis puede realizar mejoras y\/o cambios en este sitio web en cualquier momento. Aunque Apellis intenta actualizar peri\u00f3dicamente la informaci\u00f3n de este sitio web, la informaci\u00f3n, los materiales y los servicios proporcionados en o a trav\u00e9s de este sitio web pueden ser ocasionalmente inexactos, incompletos o estar desactualizados o contener errores tipogr\u00e1ficos. Apellis renuncia expresamente a cualquier deber de actualizar la informaci\u00f3n contenida en este sitio web y no ser\u00e1 responsable de ninguna falta de actualizaci\u00f3n o revisi\u00f3n de dicha informaci\u00f3n, ya sea como resultado de nueva informaci\u00f3n, eventos o circunstancias futuros o de cualquier otra \u00edndole. Es responsabilidad del usuario verificar cualquier informaci\u00f3n contenida en este sitio web antes de confiar en ella.<\/p>\n<\/div>\n\n<div class=\"default-block container\">\n<p><strong>Enlaces<\/strong><\/p>\n<\/div>\n\n<div class=\"default-block container\">\n<p>Este sitio web puede contener enlaces a sitios web operados por terceros. Los sitios web vinculados no est\u00e1n bajo el control de Apellis, y Apellis no ser\u00e1 responsable del contenido disponible en ning\u00fan otro sitio web vinculado al presente sitio web. Dichos enlaces no implican la aprobaci\u00f3n por parte de Apellis del material en ning\u00fan otro sitio web, y Apellis renuncia a toda responsabilidad con respecto al acceso del usuario a dichos sitios web vinculados. Apellis proporciona enlaces a otros sitios web para comodidad de los usuarios. No obstante, el acceso a cualquier otro sitio web vinculado al presente sitio web es responsabilidad del usuario. No asumimos ninguna responsabilidad por los sitios web externos y su contenido que hagan referencia a nuestro sitio web o a los que se haga referencia a trav\u00e9s de enlaces del presente sitio web.<\/p>\n<\/div>\n\n<div class=\"default-block container\">\n<p><strong>Limitaci\u00f3n de responsabilidad y descargo de responsabilidad de garant\u00edas<\/strong><\/p>\n<\/div>\n\n<div class=\"default-block container\">\n<p>El uso de este sitio web y de los materiales es por cuenta y riesgo del usuario. Este sitio web y sus materiales pueden ser modificados, y lo ser\u00e1n, en cualquier momento. Es responsabilidad del usuario supervisar dichos cambios. El acceso a los materiales puede no ser adecuado para ciertas personas o en ciertos pa\u00edses. El usuario que accede a este sitio web, lo hace bajo su propio riesgo y es responsable del cumplimiento de las leyes de su jurisdicci\u00f3n. En la medida permitida por la ley, excluimos la responsabilidad por cualquier error u omisi\u00f3n y las consecuencias de utilizar la informaci\u00f3n o el sitio web.&nbsp;<\/p>\n<\/div>\n\n<div class=\"default-block container\">\n<p>Apellis no garantiza que el sitio web funcione sin errores ni que este sitio web y su servidor est\u00e9n libres de virus inform\u00e1ticos y otros bienes da\u00f1inos. Si el uso de este sitio web por parte del usuario resulta en la necesidad de reparar o sustituir equipos o datos, Apellis no se har\u00e1 responsable de dichos costes.<\/p>\n<\/div>\n\n<div class=\"default-block container\">\n<p>Este sitio web y los materiales se proporcionan \u201ctal cual\u201d sin ninguna garant\u00eda expresa o impl\u00edcita de ning\u00fan tipo. Apellis y sus proveedores, en la m\u00e1xima medida permitida por la ley, renuncian a todas las garant\u00edas expresas e impl\u00edcitas, incluida la garant\u00eda de comerciabilidad, no infracci\u00f3n de los derechos de terceros e idoneidad para un fin particular. Apellis y sus proveedores no ofrecer\u00e1n ninguna garant\u00eda sobre la exactitud, fiabilidad, integridad o puntualidad de los materiales, servicios, textos de software, gr\u00e1ficos y enlaces, ni sobre los resultados que se obtengan del uso de este sitio web. Algunas jurisdicciones no permiten la exclusi\u00f3n de ciertas garant\u00edas. En consecuencia, es posible que la exclusi\u00f3n anterior no se aplique en su caso.<\/p>\n<\/div>\n\n<div class=\"default-block container\">\n<p>En ning\u00fan caso Apellis, sus filiales, proveedores, o ning\u00fan tercero mencionado en este sitio web o involucrado en la creaci\u00f3n, producci\u00f3n o entrega de este sitio web ser\u00e1 responsable de ning\u00fan da\u00f1o (incluidos, con car\u00e1cter meramente enunciativo, da\u00f1os incidentales y consecuentes, lucro cesante, o da\u00f1os resultantes de la p\u00e9rdida de datos o interrupci\u00f3n de la actividad comercial) resultante del acceso, el uso o la imposibilidad de utilizar este sitio web y los materiales o cualquier sitio web vinculado, ya sea que la base para la reclamaci\u00f3n sea una garant\u00eda, contrato, responsabilidad civil o cualquier otra teor\u00eda legal y sin importar si Apellis est\u00e1 informada o no de la posibilidad de dichos da\u00f1os. En ning\u00fan caso la responsabilidad total de Apellis ante el usuario por todos los da\u00f1os, p\u00e9rdidas y fundamentos para una demanda (ya sea por contrato, responsabilidad civil, incluida, con car\u00e1cter meramente enunciativo, la negligencia, o de otro modo) superar\u00e1 la cantidad pagada por el usuario, si procede, para acceder a este sitio web.<\/p>\n<\/div>\n\n<div class=\"default-block container\">\n<p><strong>Derechos de autor y marcas registradas<\/strong><\/p>\n<\/div>\n\n<div class=\"default-block container\">\n<p>Este sitio web y la informaci\u00f3n que contiene son propiedad de Apellis y sus filiales y licenciantes y est\u00e1n protegidos contra la copia y difusi\u00f3n no autorizadas por la ley de derechos de autor de los Estados Unidos, convenciones internacionales y otras leyes de propiedad intelectual. Las marcas registradas y logotipos que se muestran en este sitio web son marcas registradas de Apellis, excepto que se indique lo contrario. Nada de lo contenido en este sitio web debe interpretarse como una concesi\u00f3n de licencia o derecho sobre marcas registradas, logotipos u otros derechos de propiedad intelectual. Todos los derechos est\u00e1n reservados por los propietarios de cada marca registrada, marca de servicio, logotipo u otra propiedad intelectual, excepto que se especifique lo contrario en este aviso. No se permite hacer referencia a nuestro nombre o al logotipo de Apellis con enlaces en ning\u00fan canal digital o similar sin el consentimiento previo por escrito de Apellis.<\/p>\n<\/div>\n\n<div class=\"default-block container\">\n<p>El siguiente aviso aparecer\u00e1 en todas las copias autorizadas en su totalidad o en parte del contenido del sitio: \u201cCOPYRIGHT Apellis Pharmaceuticals, Inc. 2021. RESERVADOS TODOS LOS DERECHOS.\u201d<\/p>\n<\/div>\n\n<div class=\"default-block container\">\n<p><strong>Indemnizaci\u00f3n<\/strong><\/p>\n<\/div>\n\n<div class=\"default-block container\">\n<p>Usted acepta defender, indemnizar y eximir de responsabilidad a Apellis frente a cualquier reclamaci\u00f3n, acci\u00f3n o demanda, incluidos, entre otros, los honorarios legales y contables razonables que surjan o resulten de su incumplimiento de los presentes t\u00e9rminos y condiciones o de su acceso, uso o uso indebido de este sitio web o de sus materiales. Apellis le notificar\u00e1 cualquier reclamaci\u00f3n, demanda o procedimiento de este tipo. Apellis se reserva el derecho de asumir la defensa y el control exclusivos de cualquier asunto que est\u00e9 sujeto a indemnizaci\u00f3n en virtud de esta secci\u00f3n. En tal caso, usted acepta cooperar con cualquier solicitud razonable que ayude a Apellis a defender dicha cuesti\u00f3n.<\/p>\n<\/div>\n\n<div class=\"default-block container\">\n<p><strong>Declaraciones prospectivas<\/strong><\/p>\n<\/div>\n\n<div class=\"default-block container\">\n<p>En este sitio web se contienen declaraciones prospectivas seg\u00fan se definen en la Ley de Reforma de Litigios sobre Valores Privados de 1995, con sus enmiendas, incluidas declaraciones sobre nuestras expectativas, planes, perspectivas, objetivos y estrategias futuras. Sin limitar lo anterior, las palabras \u201cpuede\u201d, \u201cser\u00e1\u201d, \u201cpodr\u00eda\u201d, \u201cpudiese\u201d, \u201cdeber\u00eda\u201d, \u201cesperar\u201d, \u201cplanificar\u201d, \u201canticipar\u201d, \u201cpretender\u201d, \u201ccreer\u201d, \u201cestimar\u201d, \u201cpredecir\u201d, \u201cproyectar\u201d, \u201cpotencial\u201d, \u201ccontinuar\u201d, \u201cobjetivo\u201d y expresiones similares pretenden identificar declaraciones prospectivas, aunque no todas las declaraciones prospectivas contienen estas palabras identificativas. Existe una serie de riesgos conocidos y desconocidos, incertidumbres y otros factores importantes que podr\u00edan hacer que los resultados, el rendimiento o los logros reales de Apellis difieran materialmente de los expresados o impl\u00edcitos en cualquier declaraci\u00f3n prospectiva. Estos riesgos e incertidumbres incluyen, entre otros, riesgos e incertidumbres relacionados con el momento y los resultados de cualquier ensayo cl\u00ednico actual o planificado y estudios precl\u00ednicos, incluido el an\u00e1lisis posterior de los datos existentes y los nuevos datos recibidos de estudios en curso y futuros; el desarrollo por parte de Apellis de m\u00faltiples esfuerzos en fase temprana; el contenido y el momento de las decisiones tomadas por la Administraci\u00f3n de Alimentos y Medicamentos de los EE.&nbsp;UU. y otras autoridades reguladoras, comit\u00e9s \u00e9ticos de investigaci\u00f3n de centros de ensayos cl\u00ednicos y organismos de revisi\u00f3n de publicaciones; la capacidad de Apellis para obtener y mantener las aprobaciones reglamentarias necesarias y para inscribir a pacientes en sus ensayos cl\u00ednicos actuales o previstos; la capacidad de Apellis para obtener, mantener y hacer cumplir las patentes y otra protecci\u00f3n de la propiedad intelectual para cualquier posible producto que est\u00e9 desarrollando; y la capacidad de Apellis para mantener colaboraciones clave y el \u00e9xito de dichas colaboraciones; y otros riesgos enumerados en \u201cFactores de riesgo\u201d en el informe anual de Apellis, informes trimestrales y otras presentaciones que realice ocasionalmente con la Comisi\u00f3n de Bolsa y Valores, todas las cuales est\u00e1n disponibles a trav\u00e9s de este sitio web y en www.sec.gov. Apellis no asume ninguna obligaci\u00f3n de actualizar ninguna declaraci\u00f3n prospectiva que aparezca en este sitio web como resultado de nueva informaci\u00f3n, eventos o circunstancias futuros o de otro tipo. Ninguna de la informaci\u00f3n contenida en este sitio web est\u00e1 destinada a incorporarse, y no se considerar\u00e1, incorporada a ninguna de las presentaciones de Apellis ante la Comisi\u00f3n de Bolsa y Valores.<\/p>\n<\/div>\n\n<div class=\"default-block container\">\n<p><strong>Legislaci\u00f3n aplicable<\/strong><\/p>\n<\/div>\n\n<div class=\"default-block container\">\n<p>Los presentes t\u00e9rminos y condiciones se rigen por las leyes de Suiza sin tener en cuenta sus principios de conflictos legales. Cualquier acci\u00f3n o procedimiento legal basado, que surja o est\u00e9 relacionado con los presentes t\u00e9rminos y condiciones o su uso de este sitio web (incluida cualquier informaci\u00f3n que contenga) se presentar\u00e1 exclusivamente ante los tribunales de Zug, y todas las partes renuncian a cualquier objeci\u00f3n a la jurisdicci\u00f3n personal de dichos tribunales.<\/p>\n<\/div>\n\n<div class=\"default-block container\">\n<p><strong>Disposiciones varias<\/strong><\/p>\n<\/div>\n\n<div class=\"default-block container\">\n<p>Si cualquier tribunal competente determina que alguna disposici\u00f3n de estos t\u00e9rminos y condiciones no es v\u00e1lida, la invalidez de dicha disposici\u00f3n no afectar\u00e1 a la validez de las disposiciones restantes de estos t\u00e9rminos y condiciones, que permanecer\u00e1n en pleno vigor y efecto. El hecho de que Apellis no act\u00fae o haga cumplir alguna disposici\u00f3n del Acuerdo no se interpretar\u00e1 como una renuncia a dicha disposici\u00f3n o a cualquier otra disposici\u00f3n de los presentes t\u00e9rminos y condiciones. Ninguna renuncia ser\u00e1 efectiva contra Apellis a menos que se haga por escrito, y ninguna de dichas renuncias se interpretar\u00e1 como una renuncia en cualquier otro caso o instancia posterior. Salvo que Apellis y usted lo acuerden expresamente, los presentes t\u00e9rminos y condiciones (junto con la Declaraci\u00f3n de Privacidad) constituyen el acuerdo completo entre usted y Apellis con respecto al asunto, y sustituyen a todos los acuerdos anteriores o contempor\u00e1neos, ya sean escritos o verbales, entre las partes con respecto al asunto. Los encabezados de las secciones se proporcionan por mera conveniencia y no tendr\u00e1n ninguna importancia legal. Estos t\u00e9rminos y condiciones redundar\u00e1n en beneficio de nuestros sucesores, cesionarios, licenciatarios y sublicenciatarios.<\/p>\n<\/div>\n\n<div class=\"default-block container\">\n<p><strong>Su aceptaci\u00f3n de los presentes T\u00e9rminos y Condiciones<\/strong><\/p>\n<\/div>\n\n<div class=\"default-block container\">\n<p>T\u00f3mese unos minutos para revisar detenidamente estos t\u00e9rminos y condiciones. Al acceder y utilizar este sitio web, usted acepta cumplir y quedar obligado por estos t\u00e9rminos y condiciones. Si no acepta cumplir y quedar obligado por los presentes t\u00e9rminos y condiciones, no podr\u00e1 acceder, utilizar ni descargar materiales de este sitio web.<\/p>\n<\/div>\n\n<div class=\"default-block container\">\n<p><strong>Estos T\u00e9rminos y Condiciones pueden cambiar<\/strong><\/p>\n<\/div>\n\n<div class=\"default-block container\">\n<p>Apellis se reserva el derecho de actualizar o modificar los presentes t\u00e9rminos y condiciones en cualquier momento sin previo aviso. Su uso de este sitio web despu\u00e9s de dicho cambio constituye su aceptaci\u00f3n de cumplir y quedar obligado por los t\u00e9rminos y condiciones modificados. Por este motivo, Apellis le recomienda que revise estos t\u00e9rminos y condiciones cada vez que utilice este sitio web.<\/p>\n<\/div>\n\n<div class=\"default-block container\">\n<p>Estos t\u00e9rminos y condiciones se revisaron por \u00faltima vez el 1 de septiembre de 2022.<\/p>\n<\/div>\n\n<div class=\"default-block container\">\n<p>EU-GA-2200013<\/p>\n<\/div>","protected":false},"excerpt":{"rendered":"<p>Apellis International GmbH Le damos la bienvenida al sitio web staging.geographicatrophy.info (\u201cstaging.geographicatrophy.info\u201d). Nos referimos a este sitio web propiedad de y controlado por Apellis (en adelante, \u201cApellis\u201d) International GmbH, con sede en Z\u00e4hlerweg 10, 6300 Zug, Suiza. Puede utilizar este sitio web siempre que respete los presentes t\u00e9rminos y condiciones.&nbsp; Apellis respeta la privacidad de [&hellip;]<\/p>\n","protected":false},"author":183,"featured_media":0,"parent":0,"menu_order":0,"comment_status":"closed","ping_status":"closed","template":"","meta":{"inline_featured_image":false,"_themeisle_gutenberg_block_has_review":false,"footnotes":""},"class_list":["post-96","page","type-page","status-publish","hentry"],"acf":[],"aioseo_notices":[],"_links":{"self":[{"href":"https:\/\/staging.geographicatrophy.info\/es\/wp-json\/wp\/v2\/pages\/96","targetHints":{"allow":["GET"]}}],"collection":[{"href":"https:\/\/staging.geographicatrophy.info\/es\/wp-json\/wp\/v2\/pages"}],"about":[{"href":"https:\/\/staging.geographicatrophy.info\/es\/wp-json\/wp\/v2\/types\/page"}],"author":[{"embeddable":true,"href":"https:\/\/staging.geographicatrophy.info\/es\/wp-json\/wp\/v2\/users\/183"}],"replies":[{"embeddable":true,"href":"https:\/\/staging.geographicatrophy.info\/es\/wp-json\/wp\/v2\/comments?post=96"}],"version-history":[{"count":0,"href":"https:\/\/staging.geographicatrophy.info\/es\/wp-json\/wp\/v2\/pages\/96\/revisions"}],"wp:attachment":[{"href":"https:\/\/staging.geographicatrophy.info\/es\/wp-json\/wp\/v2\/media?parent=96"}],"curies":[{"name":"wp","href":"https:\/\/api.w.org\/{rel}","templated":true}]}}