{"id":17,"date":"2023-06-06T14:51:44","date_gmt":"2023-06-06T14:51:44","guid":{"rendered":"https:\/\/geographicatrophy.info\/es\/?page_id=17"},"modified":"2023-06-06T15:48:45","modified_gmt":"2023-06-06T15:48:45","slug":"lighting-the-way","status":"publish","type":"page","link":"https:\/\/staging.geographicatrophy.info\/es\/lighting-the-way\/","title":{"rendered":"Iluminamos el futuro"},"content":{"rendered":"<div class=\"default-block container-fluid\">\n\n\n\n<div class=\"row titleWithImage center\">\n\t<div class=\"col-12\">\n\t\t<div class=\"container\">\n\t\t\t<div class=\"row\">\n\t\t\t\t<div class=\"col-12\">\n                    \t\t\t\t\t\t\t\t\t\t\t<h1 class=\"titleWithImage__title titleWithImage__title--center\">Acerca de <span>Apellis<\/span><\/h1>\n\t\t\t\t\t\t\t\t\t\t\t\t\t\t\t\t<h2 class=\"titleWithImage__subtitle titleWithImage__subtitle--center\">Nos dedicamos a desarrollar tratamientos potenciales para las comunidades de pacientes afectados por la p\u00e9rdida de visi\u00f3n aprovechando la ciencia audaz, la creatividad y la compasi\u00f3n.<\/h2>\n\t\t\t\t\t\n\t\t\t\t\t\t\t\t\t<\/div>\n\t\t\t<\/div>\n\t\t<\/div>\n\n\t\t\t\t\t<img decoding=\"async\" class=\"titleWithImage__image\" loading=\"lazy\" alt=\"Geographic Atrophy\" src=\"https:\/\/staging.geographicatrophy.info\/es\/wp-content\/uploads\/sites\/5\/2023\/06\/Header-3.jpg\" \n\t\t\t\t\t\t\t\t\t\t\t\t\t\t\t\t\t\t\t\t\t\t\t\t\t   \t\t\t\tstyle=\"object-position: right top\" >\n\t\t\t<div class=\"titleWithImage__over\"><\/div>\n\t\t\n\t<\/div>\n<\/div>\n\n\t<\/div>\n\n<div class=\"default-block container\">\n<div class=\"wp-block-group\"><div class=\"wp-block-group__inner-container is-layout-flow wp-block-group-is-layout-flow\"><div class=\"default-block container\">\n<div style=\"height:80px\" aria-hidden=\"true\" class=\"wp-block-spacer large-spacer\"><\/div>\n<\/div>\n\n<div class=\"default-block container\">\n<div class=\"wp-block-columns no-margin is-layout-flex wp-container-core-columns-is-layout-9d6595d7 wp-block-columns-is-layout-flex\">\n<div class=\"wp-block-column is-layout-flow wp-block-column-is-layout-flow\" style=\"flex-basis:1040px\"><div class=\"default-block container\">\n<h2 class=\"has-text-align-center has-text-color has-x-large-font-size wp-block-heading\" style=\"color:#d7d2c5\">En Apellis, iluminamos el <span>futuro<\/span><\/h2>\n<\/div>\n\n<div class=\"default-block container\">\n<div style=\"height:20px\" aria-hidden=\"true\" class=\"wp-block-spacer small-spacer\"><\/div>\n<\/div>\n\n\n<p class=\"has-text-align-center has-text-color has-medium-font-size\" style=\"color:#d7d2c5\">En Apellis, no nos rendiremos en nuestro compromiso de abordar las grandes necesidades no cubiertas asociadas a las patolog\u00edas retinianas debilitantes. Seguimos inquebrantables en nuestra misi\u00f3n de desarrollar tratamientos potenciales para las personas que padecen estas afecciones. <br>\n<span><strong>La atrofia geogr\u00e1fica es el punto de partida de nuestro viaje.<\/strong><\/span><\/p>\n<\/div>\n<\/div>\n<\/div>\n\n<div class=\"default-block container\">\n<div style=\"height:20px\" aria-hidden=\"true\" class=\"wp-block-spacer\"><\/div>\n<\/div><\/div>\n<\/div><\/div>\n\n<div class=\"default-block container\">\n<div class=\"wp-block-columns is-layout-flex wp-container-core-columns-is-layout-9d6595d7 wp-block-columns-is-layout-flex\">\n<div class=\"wp-block-column is-layout-flow wp-block-column-is-layout-flow\" style=\"flex-basis:1040px\">\n<figure class=\"wp-block-video aligncenter ticss-e02c08bb\"><video height=\"2160\" style=\"aspect-ratio: 3840 \/ 2160;\" width=\"3840\" controls poster=\"https:\/\/geographicatrophy.info\/es\/wp-content\/uploads\/sites\/5\/2023\/06\/es-ES-Desktop.jpg\" src=\"https:\/\/geographicatrophy.info\/es\/wp-content\/uploads\/sites\/5\/2023\/06\/apellis_light_the_way_4k-ES-ES-1.mp4\"><\/video><\/figure>\n\n\n<div class=\"default-block container\">\n<div style=\"height:80px\" aria-hidden=\"true\" class=\"wp-block-spacer\"><\/div>\n<\/div><\/div>\n<\/div>\n<\/div>\n\n<div class=\"default-block container-fluid\">\n<div class=\"wp-block-group alignfull has-background\" style=\"background-color:#d7d2c5\"><div class=\"wp-block-group__inner-container is-layout-flow wp-block-group-is-layout-flow\"><div class=\"default-block container\">\n<div style=\"height:80px\" aria-hidden=\"true\" class=\"wp-block-spacer large-spacer\"><\/div>\n<\/div>\n\n<div class=\"default-block container\">\n<div class=\"wp-block-columns no-margin is-layout-flex wp-container-core-columns-is-layout-9d6595d7 wp-block-columns-is-layout-flex\">\n<div class=\"wp-block-column is-layout-flow wp-block-column-is-layout-flow\" style=\"flex-basis:1040px\"><div class=\"default-block container\">\n<div class=\"wp-block-columns no-margin gap-40 is-layout-flex wp-container-core-columns-is-layout-9d6595d7 wp-block-columns-is-layout-flex\">\n<div class=\"wp-block-column is-layout-flow wp-block-column-is-layout-flow\" style=\"flex-basis:33%\"><div class=\"wp-block-image no-margin clip-mobile\">\n<figure class=\"aligncenter size-full\"><img decoding=\"async\" src=\"https:\/\/geographicatrophy.info\/wp-content\/uploads\/2023\/01\/jigsaw.png\" alt=\"\" class=\"wp-image-2471\"\/><figcaption>Dada la falta de tratamientos aprobados disponibles, la atrofia geogr\u00e1fica representa la <strong><span style=\"text-decoration: underline;\"><a href=\"https:\/\/geographicatrophy.info\/unmet-need-in-ga\/\" title=\"\">necesidad m\u00e9dica no cubierta<\/a><\/span><\/strong> m\u00e1s importante en oftalmolog\u00eda.<sup>1<\/sup><\/figcaption><\/figure>\n<\/div><\/div>\n\n\n\n<div class=\"wp-block-column is-layout-flow wp-block-column-is-layout-flow\" style=\"flex-basis:33%\"><div class=\"wp-block-image no-margin clip-mobile\">\n<figure class=\"aligncenter size-full\"><img decoding=\"async\" src=\"https:\/\/geographicatrophy.info\/wp-content\/uploads\/2023\/01\/diagram.png\" alt=\"\" class=\"wp-image-2472\"\/><figcaption><strong><span style=\"text-decoration: underline;\"><a href=\"https:\/\/geographicatrophy.info\/complement-overactivation\/\" title=\"\">La sobreactivaci\u00f3n del complemento<\/a><\/span><\/strong> est\u00e1 estrechamente ligada al crecimiento de las lesiones en la atrofia geogr\u00e1fica.<sup>2<\/sup><\/figcaption><\/figure>\n<\/div><\/div>\n\n\n\n<div class=\"wp-block-column is-layout-flow wp-block-column-is-layout-flow\" style=\"flex-basis:33%\"><div class=\"wp-block-image no-margin clip-mobile\">\n<figure class=\"aligncenter size-full\"><img decoding=\"async\" src=\"https:\/\/geographicatrophy.info\/wp-content\/uploads\/2023\/01\/clock.png\" alt=\"\" class=\"wp-image-2469\"\/><figcaption>Dedicamos nuestros esfuerzos a liderar el desarrollo de terapias dirigidas al sistema del complemento, con el objetivo de ralentizar la <strong><span style=\"text-decoration: underline;\"><a href=\"https:\/\/geographicatrophy.info\/geographic-atrophy-progression\/\" title=\"\">progresi\u00f3n de la enfermedad<\/a><\/span><\/strong> en la atrofia geogr\u00e1fica.<\/figcaption><\/figure>\n<\/div><\/div>\n<\/div>\n<\/div><\/div>\n<\/div>\n<\/div>\n\n<div class=\"default-block container\">\n<div style=\"height:80px\" aria-hidden=\"true\" class=\"wp-block-spacer large-spacer\"><\/div>\n<\/div><\/div>\n<\/div><\/div>\n\n<div class=\"default-block container-fluid\">\n<div class=\"wp-block-group alignfull has-bg-light-background-color has-background\"><div class=\"wp-block-group__inner-container is-layout-flow wp-block-group-is-layout-flow\"><div class=\"default-block container\">\n<div style=\"height:80px\" aria-hidden=\"true\" class=\"wp-block-spacer large-spacer\"><\/div>\n<\/div>\n\n<div class=\"default-block container\">\n<div class=\"wp-block-columns no-margin is-layout-flex wp-container-core-columns-is-layout-9d6595d7 wp-block-columns-is-layout-flex\">\n<div class=\"wp-block-column is-vertically-aligned-center is-layout-flow wp-block-column-is-layout-flow\" style=\"flex-basis:1040px\">\n<p class=\"has-text-align-center has-text-color has-large-font-size\" style=\"color:#03212c\"><strong>Inscr\u00edbase para acompa\u00f1arnos en nuestro viaje<\/strong> por la atrofia geogr\u00e1fica y recibir noticias y actualizaciones.<\/p>\n\n\n<div class=\"default-block container\">\n<div class=\"wp-block-buttons is-content-justification-center is-layout-flex wp-container-core-buttons-is-layout-16018d1d wp-block-buttons-is-layout-flex\">\n<div class=\"wp-block-button has-custom-width wp-block-button__width-25 has-custom-font-size is-style-fill has-small-font-size\"><a class=\"wp-block-button__link has-orange-background-color has-background\" href=\"https:\/\/geographicatrophy.info\/registration\/\" target=\"_blank\" rel=\"noreferrer noopener\">Inscr\u00edbase ya<\/a><\/div>\n<\/div>\n<\/div><\/div>\n<\/div>\n<\/div>\n\n<div class=\"default-block container\">\n<div style=\"height:80px\" aria-hidden=\"true\" class=\"wp-block-spacer large-spacer\"><\/div>\n<\/div><\/div>\n<\/div><\/div>\n\n<div class=\"default-block container-fluid\">\n<div class=\"wp-block-group alignfull has-text-color has-background\" style=\"background-color:#001e27;color:#d7d2c5\"><div class=\"wp-block-group__inner-container is-layout-flow wp-block-group-is-layout-flow\"><div class=\"default-block container\">\n<div style=\"height:80px\" aria-hidden=\"true\" class=\"wp-block-spacer large-spacer\"><\/div>\n<\/div>\n\n<div class=\"default-block container\">\n<div class=\"wp-block-columns no-margin is-layout-flex wp-container-core-columns-is-layout-9d6595d7 wp-block-columns-is-layout-flex\">\n<div class=\"wp-block-column find-out-more-section is-layout-flow wp-block-column-is-layout-flow\" style=\"flex-basis:1040px\"><div class=\"default-block container\">\n<h2 class=\"has-text-align-center has-bg-dark-color has-text-color has-x-large-font-size wp-block-heading\">Vivimos ateni\u00e9ndonos a la <span>ciencia audaz, la creatividad<\/span> y la <span>compasi\u00f3n<\/span><\/h2>\n<\/div>\n\n<div class=\"default-block container\">\n<div style=\"height:40px\" aria-hidden=\"true\" class=\"wp-block-spacer med-spacer\"><\/div>\n<\/div>\n\n<div class=\"default-block container\">\n<div class=\"wp-block-columns no-margin is-layout-flex wp-container-core-columns-is-layout-9d6595d7 wp-block-columns-is-layout-flex\">\n<div class=\"wp-block-column is-vertically-aligned-top order-2 order-lg-1 is-layout-flow wp-block-column-is-layout-flow\" style=\"flex-basis:50%\"><div class=\"default-block container\">\n<figure class=\"wp-block-image size-full\"><img decoding=\"async\" src=\"https:\/\/geographicatrophy.info\/wp-content\/uploads\/2023\/01\/lantern.png\" alt=\"\" class=\"wp-image-2470\"\/><\/figure>\n<\/div><\/div>\n\n\n\n<div class=\"wp-block-column is-vertically-aligned-top order-1 order-lg-2 is-layout-flow wp-block-column-is-layout-flow\" style=\"flex-basis:50%\"><div class=\"default-block container\">\n<p class=\"has-text-color has-medium-font-size\" style=\"color:#d7d2c5\">En <strong>Apellis<\/strong>, nos esforzamos por ser <strong>conocidos por nuestra compasi\u00f3n, nuestra ciencia revolucionaria y nuestras contribuciones a la humanidad<\/strong> en todo el mundo. Nuestra compa\u00f1\u00eda est\u00e1 conformada por personas que se preocupan, no tienen miedo ante los desaf\u00edos, aman el trabajo que hacen y <strong>persiguen continuamente el m\u00e1s alto nivel de integridad cient\u00edfica<\/strong>.<br>\n<\/p>\n<\/div>\n\n<div class=\"default-block container\">\n<div style=\"height:18px\" aria-hidden=\"true\" class=\"wp-block-spacer\"><\/div>\n<\/div><\/div>\n<\/div>\n<\/div>\n\n<div class=\"default-block container\">\n<p class=\"large-align-text-center, no-margin has-text-color has-medium-font-size\" style=\"color:#d7d2c5\">Apellis se constituy\u00f3 con la ambici\u00f3n de convertirse en la <strong>primera empresa en desarrollar tratamientos C3 espec\u00edficos para enfermedades graves<\/strong> provocadas por la sobreactivaci\u00f3n del sistema del complemento.<\/p>\n<\/div><\/div>\n<\/div>\n<\/div>\n\n<div class=\"default-block container\">\n<div style=\"height:80px\" aria-hidden=\"true\" class=\"wp-block-spacer large-spacer\"><\/div>\n<\/div><\/div>\n<\/div><\/div>\n\n<div class=\"default-block container-fluid\">\n<div class=\"wp-block-group alignfull has-text-color has-background\" style=\"background-color:#0c2730;color:#d7d2c5\"><div class=\"wp-block-group__inner-container is-layout-flow wp-block-group-is-layout-flow\"><div class=\"default-block container\">\n<div style=\"height:80px\" aria-hidden=\"true\" class=\"wp-block-spacer\"><\/div>\n<\/div>\n\n<div class=\"default-block container\">\n<div class=\"wp-block-columns no-margin is-layout-flex wp-container-core-columns-is-layout-9d6595d7 wp-block-columns-is-layout-flex\">\n<div class=\"wp-block-column is-layout-flow wp-block-column-is-layout-flow\" style=\"flex-basis:1040px\"><div class=\"default-block container\">\n<p class=\"has-medium-font-size\"><strong>Bibliograf\u00eda<\/strong><\/p>\n<\/div>\n\n<div class=\"default-block container\">\n<ol class=\"wp-block-list\"><li>Riquet, D. (n.d.). Pregunta parlamentaria | Geographic atrophy as an unmet medical need in the field of ophthalmology | P-000876\/2022 | Parlamento Europeo. [en l\u00ednea] www.europarl.europa.eu. Disponible en: https:\/\/www.europarl.europa.eu\/doceo\/document\/P-9-2022-000876_EN.html. \u00daltimo acceso en enero de 2023.<\/li><li>Katschke, K.J. et al. (2018). Classical and alternative complement activation on photoreceptor outer segments drives monocyte-dependent retinal atrophy. Scientific Reports, [en l\u00ednea] 8(1), p\u00e1g. 7348. doi:10.1038\/s41598-018-25557-8.<\/li><\/ol>\n<\/div>\n\n<div class=\"default-block container\">\n<p class=\"has-small-font-size\"><strong>EU-CORP-2200001<\/strong>&nbsp;&nbsp;&nbsp;&nbsp;&nbsp;&nbsp;&nbsp;&nbsp;<strong>Enero de 2023<\/strong><\/p>\n<\/div><\/div>\n<\/div>\n<\/div>\n\n<div class=\"default-block container\">\n<div style=\"height:80px\" aria-hidden=\"true\" class=\"wp-block-spacer\"><\/div>\n<\/div><\/div>\n<\/div><\/div>","protected":false},"excerpt":{"rendered":"<p>En Apellis, iluminamos el futuro En Apellis, no nos rendiremos en nuestro compromiso de abordar las grandes necesidades no cubiertas asociadas a las patolog\u00edas retinianas debilitantes. Seguimos inquebrantables en nuestra misi\u00f3n de desarrollar tratamientos potenciales para las personas que padecen estas afecciones. La atrofia geogr\u00e1fica es el punto de partida de nuestro viaje. Inscr\u00edbase para [&hellip;]<\/p>\n","protected":false},"author":183,"featured_media":0,"parent":0,"menu_order":0,"comment_status":"closed","ping_status":"closed","template":"page-landing.php","meta":{"inline_featured_image":false,"_themeisle_gutenberg_block_has_review":false,"footnotes":""},"class_list":["post-17","page","type-page","status-publish","hentry"],"acf":[],"aioseo_notices":[],"_links":{"self":[{"href":"https:\/\/staging.geographicatrophy.info\/es\/wp-json\/wp\/v2\/pages\/17","targetHints":{"allow":["GET"]}}],"collection":[{"href":"https:\/\/staging.geographicatrophy.info\/es\/wp-json\/wp\/v2\/pages"}],"about":[{"href":"https:\/\/staging.geographicatrophy.info\/es\/wp-json\/wp\/v2\/types\/page"}],"author":[{"embeddable":true,"href":"https:\/\/staging.geographicatrophy.info\/es\/wp-json\/wp\/v2\/users\/183"}],"replies":[{"embeddable":true,"href":"https:\/\/staging.geographicatrophy.info\/es\/wp-json\/wp\/v2\/comments?post=17"}],"version-history":[{"count":0,"href":"https:\/\/staging.geographicatrophy.info\/es\/wp-json\/wp\/v2\/pages\/17\/revisions"}],"wp:attachment":[{"href":"https:\/\/staging.geographicatrophy.info\/es\/wp-json\/wp\/v2\/media?parent=17"}],"curies":[{"name":"wp","href":"https:\/\/api.w.org\/{rel}","templated":true}]}}