{"id":106,"date":"2023-06-06T13:47:17","date_gmt":"2023-06-06T13:47:17","guid":{"rendered":"https:\/\/geographicatrophy.info\/es\/?page_id=106"},"modified":"2023-06-06T13:47:18","modified_gmt":"2023-06-06T13:47:18","slug":"pie-de-imprenta","status":"publish","type":"page","link":"https:\/\/staging.geographicatrophy.info\/es\/pie-de-imprenta\/","title":{"rendered":"Pie de imprenta"},"content":{"rendered":"<div class=\"default-block container\">\n<p>Publicado por:<\/p>\n<\/div>\n\n<div class=\"default-block container\">\n<p>Apellis International GmbH<br> Z\u00e4hlerweg 10<br> CH-6300 Zug<br> Suiza<\/p>\n<\/div>\n\n<div class=\"default-block container\">\n<p>N\u00famero de empresa: CHE-200.662.403<\/p>\n<\/div>\n\n<div class=\"default-block container\">\n<p>Correo electr\u00f3nico: Las consultas pueden enviarse a: <a href=\"mailto:info@apellis.com\" target=\"_blank\" rel=\"noreferrer noopener\">info@apellis.com<\/a> <\/p>\n<\/div>\n\n<div class=\"default-block container\">\n<p><\/p>\n<\/div>\n\n<div class=\"default-block container\">\n<p><\/p>\n<\/div>\n\n<div class=\"default-block container\">\n<p>EU-GA-2200013<\/p>\n<\/div>","protected":false},"excerpt":{"rendered":"<p>Publicado por: Apellis International GmbH Z\u00e4hlerweg 10 CH-6300 Zug Suiza N\u00famero de empresa: CHE-200.662.403 Correo electr\u00f3nico: Las consultas pueden enviarse a: info@apellis.com EU-GA-2200013<\/p>\n","protected":false},"author":183,"featured_media":0,"parent":0,"menu_order":0,"comment_status":"closed","ping_status":"closed","template":"","meta":{"inline_featured_image":false,"_themeisle_gutenberg_block_has_review":false,"footnotes":""},"class_list":["post-106","page","type-page","status-publish","hentry"],"acf":[],"aioseo_notices":[],"_links":{"self":[{"href":"https:\/\/staging.geographicatrophy.info\/es\/wp-json\/wp\/v2\/pages\/106","targetHints":{"allow":["GET"]}}],"collection":[{"href":"https:\/\/staging.geographicatrophy.info\/es\/wp-json\/wp\/v2\/pages"}],"about":[{"href":"https:\/\/staging.geographicatrophy.info\/es\/wp-json\/wp\/v2\/types\/page"}],"author":[{"embeddable":true,"href":"https:\/\/staging.geographicatrophy.info\/es\/wp-json\/wp\/v2\/users\/183"}],"replies":[{"embeddable":true,"href":"https:\/\/staging.geographicatrophy.info\/es\/wp-json\/wp\/v2\/comments?post=106"}],"version-history":[{"count":0,"href":"https:\/\/staging.geographicatrophy.info\/es\/wp-json\/wp\/v2\/pages\/106\/revisions"}],"wp:attachment":[{"href":"https:\/\/staging.geographicatrophy.info\/es\/wp-json\/wp\/v2\/media?parent=106"}],"curies":[{"name":"wp","href":"https:\/\/api.w.org\/{rel}","templated":true}]}}